{"id":288,"date":"2012-03-19T22:31:00","date_gmt":"2012-03-19T20:31:00","guid":{"rendered":"http:\/\/agrement-dorna.ro\/?page_id=288"},"modified":"2024-07-20T01:55:12","modified_gmt":"2024-07-19T22:55:12","slug":"contact-2","status":"publish","type":"page","link":"https:\/\/www.agrement-dorna.ro\/index.php\/contact-2\/","title":{"rendered":"Contact"},"content":{"rendered":"<h5 style=\"text-align: left;\">PENTRU INFORMA\u021aII \u0218I REZERV\u0102RI V\u0102 RUG\u0102M S\u0102 NE CONTACTA\u021aI LA :<\/h5>\n<p>&nbsp;<\/p>\n<p>For more information please contact us at :<\/p>\n<p>Telefon: &nbsp;<\/p>\n<ul>\n<li><strong style=\"color: #0000ff;\">+40746972116 (D\u0103nu\u021b Pindelea)<\/strong><\/li>\n<li><strong style=\"color: #0000ff; font-size: revert;\">+40742248519<\/strong><\/li>\n<\/ul>\n<p>E-mail: &nbsp; &nbsp;<strong><span style=\"color: #0000ff;\">agrement.dorna@gmail.com<br \/>\n<\/span><\/strong><\/p>\n<p><a class=\"ngg-simplelightbox\" title=\" \" href=\"https:\/\/www.agrement-dorna.ro\/wp-content\/gallery\/locatie\/harta_final.jpg\" rel=\"\" data-image-id=\"64\" data-src=\"https:\/\/www.agrement-dorna.ro\/wp-content\/gallery\/locatie\/harta_final.jpg\" data-thumbnail=\"https:\/\/www.agrement-dorna.ro\/wp-content\/gallery\/locatie\/thumbs\/thumbs-harta_final.jpg\" data-title=\"harta_final\" data-description=\" \"><img decoding=\"async\" class=\"ngg-singlepic ngg-none\" src=\"https:\/\/www.agrement-dorna.ro\/wp-content\/gallery\/locatie\/harta_final.jpg\" alt=\"harta_final\"><\/a><\/p>\n<p>&nbsp;<\/p>\n","protected":false},"excerpt":{"rendered":"<p>PENTRU INFORMA\u021aII \u0218I REZERV\u0102RI V\u0102 RUG\u0102M S\u0102 NE CONTACTA\u021aI LA : &nbsp; For more information please contact us at : Telefon: &nbsp; +40746972116 (D\u0103nu\u021b Pindelea) +40742248519 E-mail: &nbsp; &nbsp;agrement.dorna@gmail.com &nbsp;<\/p>\n","protected":false},"author":1,"featured_media":0,"parent":0,"menu_order":9,"comment_status":"open","ping_status":"closed","template":"","meta":{"ngg_post_thumbnail":0,"footnotes":""},"class_list":["post-288","page","type-page","status-publish","hentry","nodate","item-wrap"],"_links":{"self":[{"href":"https:\/\/www.agrement-dorna.ro\/index.php\/wp-json\/wp\/v2\/pages\/288","targetHints":{"allow":["GET"]}}],"collection":[{"href":"https:\/\/www.agrement-dorna.ro\/index.php\/wp-json\/wp\/v2\/pages"}],"about":[{"href":"https:\/\/www.agrement-dorna.ro\/index.php\/wp-json\/wp\/v2\/types\/page"}],"author":[{"embeddable":true,"href":"https:\/\/www.agrement-dorna.ro\/index.php\/wp-json\/wp\/v2\/users\/1"}],"replies":[{"embeddable":true,"href":"https:\/\/www.agrement-dorna.ro\/index.php\/wp-json\/wp\/v2\/comments?post=288"}],"version-history":[{"count":3,"href":"https:\/\/www.agrement-dorna.ro\/index.php\/wp-json\/wp\/v2\/pages\/288\/revisions"}],"predecessor-version":[{"id":940,"href":"https:\/\/www.agrement-dorna.ro\/index.php\/wp-json\/wp\/v2\/pages\/288\/revisions\/940"}],"wp:attachment":[{"href":"https:\/\/www.agrement-dorna.ro\/index.php\/wp-json\/wp\/v2\/media?parent=288"}],"curies":[{"name":"wp","href":"https:\/\/api.w.org\/{rel}","templated":true}]}}