{"id":43,"date":"2012-02-10T21:22:14","date_gmt":"2012-02-10T21:22:14","guid":{"rendered":"http:\/\/agrement-dorna.ro\/?page_id=43"},"modified":"2025-05-25T23:07:10","modified_gmt":"2025-05-25T20:07:10","slug":"rafting-2","status":"publish","type":"page","link":"https:\/\/www.agrement-dorna.ro\/index.php\/rafting-2\/","title":{"rendered":"Rafting"},"content":{"rendered":"<p><img loading=\"lazy\" decoding=\"async\" class=\"alignnone size-full wp-image-934\" src=\"https:\/\/www.agrement-dorna.ro\/wp-content\/uploads\/2024\/07\/pliant3.jpg\" alt=\"Este o imagine in care vedem turistii in barca pe raul Bistrita\" width=\"1000\" height=\"288\" srcset=\"https:\/\/www.agrement-dorna.ro\/wp-content\/uploads\/2024\/07\/pliant3.jpg 1000w, https:\/\/www.agrement-dorna.ro\/wp-content\/uploads\/2024\/07\/pliant3-300x86.jpg 300w, https:\/\/www.agrement-dorna.ro\/wp-content\/uploads\/2024\/07\/pliant3-768x221.jpg 768w, https:\/\/www.agrement-dorna.ro\/wp-content\/uploads\/2024\/07\/pliant3-750x216.jpg 750w\" sizes=\"auto, (max-width: 1000px) 100vw, 1000px\" \/><\/p>\n<p style=\"text-align: center;\"><em><strong>Te invit\u0103m al\u0103turi de echipa noastr\u0103, la o escapad\u0103 \u00a0pe apele \u00eenvolburate ale r\u00e2ului Bistri\u021ba !<\/strong><\/em><\/p>\n<p style=\"text-align: justify;\">\u00a0 \u00a0 \u00a0 \u00a0 \u00a0\u00ce\u021bi place adrenalina\u00a0? Dore\u0219ti s\u0103 \u00a0experimentezi senza\u021bii noi\u00a0? \u00a0\u00ce\u021bi plac aventurile\u00a0? Te invit\u0103m pe apele \u00eenvolburate ale r\u00e2ului Bistri\u021ba! Dac\u0103 vrei s\u0103 te \u00eentorci \u00een trecut, atunci c\u00e2nd plut\u0103ritul pe r\u00e2ul Bistri\u021ba era la rang de cinste, te invit\u0103m \u00eentr-o variant\u0103 mai modern\u0103 la rafting\u00a0pentru a intra \u00een atmosfera trecutului\u00a0pe apele Bistri\u021bei Aurii\u00a0! Echipamentul profesionist \u0219i personalul bine preg\u0103tit \u00ee\u021bi vor oferi toate condi\u021biile pentru a te sim\u021bi \u00een siguran\u021b\u0103, dar \u0219i pentru a te distra alaturi de familie sau prieteni\u00a0!<\/p>\n<p style=\"text-align: justify;\">\u00a0 \u00a0 \u00a0 \u00a0 \u00a0 \u00a0 \u00a0Traseul \u00eencepe \u00een localitatea Crucea, situat\u0103 \u00een apropierea ora\u015fului Vatra Dornei, distan\u021ba traseului fiind de aproximativ \u00a09-10 km. Acest traseu poate fi parcurs \u00een aproximativ o or\u0103, p\u00e2n\u0103 aproape de intrarea \u00een localitatea Bro\u015fteni ( podul Barnarului ). Nu sunt necesare abilita\u0163i speciale, acest sport put\u00e2nd fi practicat de oricine!<\/p>\n<p style=\"text-align: justify;\">Se organizeaz\u0103 river rafting cu un grup de minim 4 persoane.<\/p>\n<p style=\"text-align: justify;\"><strong>Pre\u021buri activit\u0103\u021bi :<\/strong><\/p>\n<p><strong>\u00a0 \u00a0 \u00a0Denumire servicii<\/strong>\u00a0\u00a0\u00a0\u00a0\u00a0\u00a0\u00a0\u00a0\u00a0\u00a0\u00a0\u00a0\u00a0\u00a0\u00a0\u00a0\u00a0\u00a0\u00a0<strong>\u00a0 \u00a0Tarif\u00a0<\/strong>\u00a0 \u00a0 \u00a0 \u00a0 \u00a0 \u00a0 \u00a0 \u00a0 \u00a0 \u00a0 \u00a0 \u00a0 \u00a0 \u00a0 \u00a0 \u00a0 \u00a0<strong>Observa\u021bii<\/strong><\/p>\n<ul>\n<li>River Rafting Bistri\u021ba\u00a0 \u00a0 \u00a0 \u00a0 \u00a0 \u00a0 \u00a0130 lei \/ persoan\u0103 \u00a0 \u00a0 \u00a0 \u00a0 \u00a0 \u00a0grup de minim 4 persoane<\/li>\n<\/ul>\n<p style=\"text-align: center;\"><span style=\"text-align: justify;\">ngg_shortcode_0_placeholder<\/span><\/p>\n<p style=\"text-align: center;\">Pentru informa\u021bii \u0219i rezerv\u0103ri v\u0103 rug\u0103m s\u0103 ne contacta\u021bi la numerele de telefon :<\/p>\n<p style=\"text-align: center;\">For more information please contact us at :\u00a00746972116 \u00a0\/ \u00a00742248519<\/p>\n\n\n<p><\/p>\n","protected":false},"excerpt":{"rendered":"<p>Te invit\u0103m al\u0103turi de echipa noastr\u0103, la o escapad\u0103 \u00a0pe apele \u00eenvolburate ale r\u00e2ului Bistri\u021ba ! \u00a0 \u00a0 \u00a0 \u00a0 \u00a0\u00ce\u021bi place adrenalina\u00a0? Dore\u0219ti s\u0103 \u00a0experimentezi senza\u021bii noi\u00a0? \u00a0\u00ce\u021bi plac aventurile\u00a0? Te invit\u0103m pe apele \u00eenvolburate ale r\u00e2ului Bistri\u021ba! Dac\u0103 vrei s\u0103 te \u00eentorci \u00een trecut, atunci c\u00e2nd plut\u0103ritul pe r\u00e2ul Bistri\u021ba era la rang &hellip; <\/p>\n<p><a class=\"more-link btn\" href=\"https:\/\/www.agrement-dorna.ro\/index.php\/rafting-2\/\">Continue reading<\/a><\/p>\n","protected":false},"author":1,"featured_media":0,"parent":0,"menu_order":0,"comment_status":"open","ping_status":"open","template":"","meta":{"ngg_post_thumbnail":0,"footnotes":""},"class_list":["post-43","page","type-page","status-publish","hentry","nodate","item-wrap"],"_links":{"self":[{"href":"https:\/\/www.agrement-dorna.ro\/index.php\/wp-json\/wp\/v2\/pages\/43","targetHints":{"allow":["GET"]}}],"collection":[{"href":"https:\/\/www.agrement-dorna.ro\/index.php\/wp-json\/wp\/v2\/pages"}],"about":[{"href":"https:\/\/www.agrement-dorna.ro\/index.php\/wp-json\/wp\/v2\/types\/page"}],"author":[{"embeddable":true,"href":"https:\/\/www.agrement-dorna.ro\/index.php\/wp-json\/wp\/v2\/users\/1"}],"replies":[{"embeddable":true,"href":"https:\/\/www.agrement-dorna.ro\/index.php\/wp-json\/wp\/v2\/comments?post=43"}],"version-history":[{"count":3,"href":"https:\/\/www.agrement-dorna.ro\/index.php\/wp-json\/wp\/v2\/pages\/43\/revisions"}],"predecessor-version":[{"id":954,"href":"https:\/\/www.agrement-dorna.ro\/index.php\/wp-json\/wp\/v2\/pages\/43\/revisions\/954"}],"wp:attachment":[{"href":"https:\/\/www.agrement-dorna.ro\/index.php\/wp-json\/wp\/v2\/media?parent=43"}],"curies":[{"name":"wp","href":"https:\/\/api.w.org\/{rel}","templated":true}]}}