{"id":45,"date":"2012-02-10T21:22:26","date_gmt":"2012-02-10T21:22:26","guid":{"rendered":"http:\/\/agrement-dorna.ro\/?page_id=45"},"modified":"2024-07-20T01:49:54","modified_gmt":"2024-07-19T22:49:54","slug":"tiroliana","status":"publish","type":"page","link":"https:\/\/www.agrement-dorna.ro\/index.php\/tiroliana\/","title":{"rendered":"Tirolian\u0103"},"content":{"rendered":"<p><img loading=\"lazy\" decoding=\"async\" class=\"alignnone size-full wp-image-931\" src=\"https:\/\/www.agrement-dorna.ro\/wp-content\/uploads\/2024\/07\/DSC00948.jpg\" alt=\"Este o imagine cu un copil ce se da pe o tiroliana.\" width=\"1000\" height=\"288\" srcset=\"https:\/\/www.agrement-dorna.ro\/wp-content\/uploads\/2024\/07\/DSC00948.jpg 1000w, https:\/\/www.agrement-dorna.ro\/wp-content\/uploads\/2024\/07\/DSC00948-300x86.jpg 300w, https:\/\/www.agrement-dorna.ro\/wp-content\/uploads\/2024\/07\/DSC00948-768x221.jpg 768w, https:\/\/www.agrement-dorna.ro\/wp-content\/uploads\/2024\/07\/DSC00948-750x216.jpg 750w\" sizes=\"auto, (max-width: 1000px) 100vw, 1000px\" \/><\/p>\n<p style=\"text-align: center;\"><em><strong>Adrenalina la rang de cinste !<\/strong><\/em><\/p>\n<p style=\"text-align: justify;\">&nbsp; &nbsp; &nbsp; &nbsp; &nbsp; Este fraza care caracterizeaz\u0103 aceast\u0103 mic\u0103 aventur\u0103 posibil\u0103 pe dealul Runc , \u00een Vatra Dornei&nbsp;!&nbsp; Siguran\u021ba \u0219i distrac\u021bia este garantat\u0103 ! Asadar, \u00eei invit\u0103m cu mult drag ,,<em>pe cei mai tari de inim\u0103<\/em>&#8221; s\u0103 savureze o por\u021bie de adrenalin\u0103 la maxim&nbsp;!<\/p>\n<p style=\"text-align: justify;\">&nbsp; &nbsp; &nbsp; &nbsp; &nbsp;O activitate ce poate elimina orice grij\u0103, impun\u00e2nd o stare de bine, mult dorit\u0103&nbsp;!<\/p>\n<p style=\"text-align: justify;\">&nbsp; &nbsp; &nbsp; &nbsp; Tiroliana este o tehnic\u0103 alpin\u0103 ce presupune traversarea&nbsp;unor zone abrupt, r\u00e2uri, crevase, folosit\u0103 at\u00e2t pentru transportul alpini\u015ftilor c\u00e2t \u015fi al materialelor, \u015fi \u00een&nbsp;&nbsp;cazuri mai rare chiar al animalelor.&nbsp;\u00cen esen\u0163\u0103, tiroliana este un sistem de corzi statice sau de cabluri, ancorate \u00een mod natural sau artificial la \u00een\u0103l\u0163ime.<\/p>\n<p style=\"text-align: justify;\">&nbsp; &nbsp; &nbsp; &nbsp; &nbsp;Pornind de la aceast\u0103 idee amenaj\u0103m tiroliana pe dealul Runc din Vatra Dornei. \u00cen\u0103ltimea de la care se face s\u0103ritura este de 15 metri, astfel cobor\u00e2ndu-se pe corzi 85 de metri p\u00e2n\u0103 la nivelul solului. Cel ce sare este fr\u00e2nat de o coard\u0103, \u00eenc\u00e2t oprirea se face \u00een siguran\u0163\u0103.<\/p>\n<p style=\"text-align: justify;\">&nbsp;Amplas\u0103m <strong>TIROLIANA<\/strong> doar pentru grupuri ce cuprind minim 10 persoane, \u00eens\u0103 nu ezita\u0163i s\u0103 ne contacta\u0163i !<\/p>\n<p><strong>Pre\u021buri activit\u0103\u021bi :<\/strong><\/p>\n<p><strong>&nbsp; &nbsp; &nbsp;Denumire servicii<\/strong>&nbsp; &nbsp; &nbsp; &nbsp; &nbsp; &nbsp;<strong>Tarif&nbsp;<\/strong>&nbsp; &nbsp; &nbsp; &nbsp; &nbsp; &nbsp; &nbsp; &nbsp; &nbsp; &nbsp; &nbsp; &nbsp; &nbsp; &nbsp; &nbsp; &nbsp; &nbsp;<strong>Observa\u021bii<\/strong><\/p>\n<ul>\n<li>Tirolian\u0103&nbsp; &nbsp; &nbsp; &nbsp; &nbsp; &nbsp; &nbsp; &nbsp; &nbsp; &nbsp; &nbsp; &nbsp;30 lei \/ persoana &nbsp; &nbsp; &nbsp; &nbsp; &nbsp; &nbsp;2 s\u0103rituri<\/li>\n<\/ul>\n<p style=\"text-align: justify;\">The word of the day&nbsp;: adrenalin&nbsp;! It&#8217;s the characteristic word for this adventure, located on the Runc Hill, near downtown! Safety and fun assured! Therefore, we invite you to enjoy a great adrenalin dose !<\/p>\n<p style=\"text-align: justify;\">ngg_shortcode_0_placeholder<\/p>\n<p style=\"text-align: center;\">Pentru informa\u021bii \u0219i rezerv\u0103ri v\u0103 rug\u0103m s\u0103 ne contacta\u021bi la numerele de telefon :<\/p>\n<p style=\"text-align: center;\">For more information please contact us at :&nbsp;0746972116 &nbsp;\/ &nbsp;0742248519<\/p>\n","protected":false},"excerpt":{"rendered":"<p>Adrenalina la rang de cinste ! &nbsp; &nbsp; &nbsp; &nbsp; &nbsp; Este fraza care caracterizeaz\u0103 aceast\u0103 mic\u0103 aventur\u0103 posibil\u0103 pe dealul Runc , \u00een Vatra Dornei&nbsp;!&nbsp; Siguran\u021ba \u0219i distrac\u021bia este garantat\u0103 ! Asadar, \u00eei invit\u0103m cu mult drag ,,pe cei mai tari de inim\u0103&#8221; s\u0103 savureze o por\u021bie de adrenalin\u0103 la maxim&nbsp;! &nbsp; &nbsp; &nbsp; &hellip; <\/p>\n<p><a class=\"more-link btn\" href=\"https:\/\/www.agrement-dorna.ro\/index.php\/tiroliana\/\">Continue reading<\/a><\/p>\n","protected":false},"author":1,"featured_media":0,"parent":0,"menu_order":0,"comment_status":"open","ping_status":"open","template":"","meta":{"ngg_post_thumbnail":0,"footnotes":""},"class_list":["post-45","page","type-page","status-publish","hentry","nodate","item-wrap"],"_links":{"self":[{"href":"https:\/\/www.agrement-dorna.ro\/index.php\/wp-json\/wp\/v2\/pages\/45","targetHints":{"allow":["GET"]}}],"collection":[{"href":"https:\/\/www.agrement-dorna.ro\/index.php\/wp-json\/wp\/v2\/pages"}],"about":[{"href":"https:\/\/www.agrement-dorna.ro\/index.php\/wp-json\/wp\/v2\/types\/page"}],"author":[{"embeddable":true,"href":"https:\/\/www.agrement-dorna.ro\/index.php\/wp-json\/wp\/v2\/users\/1"}],"replies":[{"embeddable":true,"href":"https:\/\/www.agrement-dorna.ro\/index.php\/wp-json\/wp\/v2\/comments?post=45"}],"version-history":[{"count":2,"href":"https:\/\/www.agrement-dorna.ro\/index.php\/wp-json\/wp\/v2\/pages\/45\/revisions"}],"predecessor-version":[{"id":933,"href":"https:\/\/www.agrement-dorna.ro\/index.php\/wp-json\/wp\/v2\/pages\/45\/revisions\/933"}],"wp:attachment":[{"href":"https:\/\/www.agrement-dorna.ro\/index.php\/wp-json\/wp\/v2\/media?parent=45"}],"curies":[{"name":"wp","href":"https:\/\/api.w.org\/{rel}","templated":true}]}}