{"id":826,"date":"2012-03-15T23:41:25","date_gmt":"2012-03-15T21:41:25","guid":{"rendered":"http:\/\/agrement-dorna.ro\/?page_id=2"},"modified":"2025-05-25T23:04:58","modified_gmt":"2025-05-25T20:04:58","slug":"sample-page-2","status":"publish","type":"page","link":"https:\/\/www.agrement-dorna.ro\/index.php\/sample-page-2\/","title":{"rendered":"Echita\u021bie"},"content":{"rendered":"<p><img loading=\"lazy\" decoding=\"async\" class=\"alignnone size-full wp-image-937\" src=\"https:\/\/www.agrement-dorna.ro\/wp-content\/uploads\/2024\/07\/DSC021231.jpg\" alt=\"Este o imagine in care vedem turistii pe cai si in departare un varf de munte\" width=\"1000\" height=\"288\" srcset=\"https:\/\/www.agrement-dorna.ro\/wp-content\/uploads\/2024\/07\/DSC021231.jpg 1000w, https:\/\/www.agrement-dorna.ro\/wp-content\/uploads\/2024\/07\/DSC021231-300x86.jpg 300w, https:\/\/www.agrement-dorna.ro\/wp-content\/uploads\/2024\/07\/DSC021231-768x221.jpg 768w, https:\/\/www.agrement-dorna.ro\/wp-content\/uploads\/2024\/07\/DSC021231-750x216.jpg 750w\" sizes=\"auto, (max-width: 1000px) 100vw, 1000px\" \/><\/p>\n<p style=\"text-align: center;\"><em><strong>Pentru dorneni, dar \u015fi pentru to\u0163i turi\u015ftii, oaspe\u0163i ai ora\u015fului nostru!<\/strong><\/em><\/p>\n<p style=\"text-align: center;\">Sportul de Agrement (Equestrian Tourism, Pleasure Riding, HorseTrekking&#8230;)<\/p>\n<p>\u00a0 \u00a0 \u00a0 \u00a0 \u00a0 \u00a0\u00a0<span style=\"text-align: justify;\">V\u0103 invit\u0103m la plimb\u0103ri c\u0103lare, \u00een \u00eemprejurimile ora\u015fului Vatra Dornei!\u00a0Din experien\u0163a noastr\u0103 am observat tendin\u0163a de diversificare continu\u0103 a cerin\u0163elor manifestate de vizitatorii no\u015ftri, \u00een privin\u0163a posibilit\u0103\u0163ilor de agrement. Ace\u015ftia au devenit din ce \u00een ce mai dornici de trasee tot mai atractive, \u00a0de \u00eembun\u0103t\u0103\u0163irea circuitelor, prin introducerea de noi destina\u0163ii \u015fi popasuri.<\/span><\/p>\n<p style=\"text-align: justify;\">\u00a0 \u00a0 \u00a0 \u00a0 \u00a0 Special pentru cei care vor s\u0103 descifreze tainele c\u0103l\u0103riei avem trasee mai scurte, care \u00eensumeaz\u0103 40 de minute \u015fi se desf\u0103\u015foar\u0103 undeva pe deasupra ora\u015fului, put\u00e2ndu-se admira panorama de la poalele Dealului Negru.<\/p>\n<p style=\"text-align: justify;\">\u00a0 \u00a0 \u00a0 \u00a0 \u00a0 \u00a0 De asemenea, traseele de creast\u0103, destinate celor ini\u0163ia\u0163i, dar \u015fi \u00eencep\u0103torilor, cuprind un circuit de dou\u0103 ore, dar \u015fi unul de trei ore, acesta din urm\u0103 cuprinz\u00e2nd un popas la st\u00e2n\u0103, put\u00e2ndu-se servi produse tradi\u0163ionale (op\u0163ional). Abordarea de por\u0163iuni combinate (urcare, cobor\u00e2re, prin p\u0103dure, afini\u015f, locuri de <em>belle-vue<\/em>.), vor crea amintiri de neuitat. \u00cen vreme ce aceste trasee se pot face cu persoane \u00eencep\u0103toare, traseele de o zi sau de mai multe necesit\u0103 \u00eendem\u00e2n\u0103ri specifice din partea participan\u0163ilor. Acestea se deruleaz\u0103 \u00een general pe Muntii Suhard (prin Vf. Ou\u015forului), ele put\u00e2nd fi dirijate \u015fi c\u0103tre Mun\u0163ii Giumal\u0103u, Rar\u0103u \u015fi, excep\u0163ional, \u00een C\u0103limani.<\/p>\n<p style=\"text-align: justify;\">\u00a0 \u00a0 \u00a0 \u00a0 \u00a0Frumuse\u0163ea explorarii locurilor s\u0103lbatice din Bucovina, ofer\u0103 tuturor <em>SENZA\u0162II MAXIME<\/em>, dar \u015fi un prilej bun de <em>RELAXARE,<\/em> totul f\u0103c\u00e2ndu-se cu mult\u0103 <em>LEJERITATE<\/em>, caii no\u015ftrii fiind special pregatiti pentru aceste activit\u0103\u0163i. Setea de <em>AVENTUR\u0102<\/em> \u00ee\u015fi are <strong>\u201eleacul\u201d<\/strong> tot la noi!<\/p>\n<p style=\"text-align: justify;\">\u00a0 \u00a0 \u00a0 \u00a0 \u00a0 \u00a0 \u00a0Caii vor deveni tovar\u0103\u015fi de n\u0103dejde pentru c\u00e2teva zeci de minute \u00eentr-un mic voiaj pe care n-o s\u0103-l uita\u0163i!<\/p>\n<p style=\"text-align: justify;\">V\u0103 garant\u0103m!<\/p>\n<p style=\"text-align: justify;\">\u00a0 \u00a0 \u00a0 \u00a0 \u00a0 \u00a0Fie c\u0103 opta\u0163i pentru un traseu scurt sau alege\u0163i s\u0103 v\u0103 petrece\u0163i o zi \u00eentreag\u0103 la c\u0103l\u0103rit, \u00een mijlocul naturii, pe coamele mun\u0163ilor \u015fi dealurilor din mirifica zon\u0103 a Dornelor, v\u0103 a\u015ftept\u0103m al\u0103turi de ace\u015fti cai minuna\u0163i, care ne surprind mereu prin noble\u0163ea de care dau dovad\u0103 !<\/p>\n<p style=\"text-align: justify;\">Nimeni nu poate gasi cuvintele necesare pentru a descrie adevaratele senzatii inspirate de acest animal&#8230;cine doreste sa inteleaga trebuie sa incerce&#8230;<\/p>\n<p style=\"text-align: justify;\">Ne pute\u0163i g\u0103si \u00een vecin\u0103tatea Pensiunii V\u00e2n\u0103torul de pe dealul Runc din Vatra Dornei, <a title=\"Harta Ora\u0219ului\" href=\"http:\/\/agrement-dorna.ro\/wp-content\/gallery\/harta-orasului\/harta_final.jpg\" target=\"_blank\" rel=\"noopener noreferrer\">l\u00e2ng\u0103 terenul de tenis.<\/a><\/p>\n<p style=\"text-align: justify;\"><strong>Pre\u021buri activit\u0103\u021bi :<\/strong><\/p>\n<p style=\"text-align: justify;\">OBSERVATIE: Sunt trasee prestabilite, timpul atribuit fiec\u0103rui traseu este unul <span style=\"text-decoration: underline;\">aproximativ<\/span>, variaz\u0103 \u00een func\u0163ie de viteza de deplasare.<\/p>\n<p style=\"text-align: justify;\"><strong>\u00a0 \u00a0 \u00a0Denumire servicii<\/strong>\u00a0\u00a0\u00a0\u00a0\u00a0\u00a0\u00a0\u00a0\u00a0\u00a0\u00a0\u00a0\u00a0\u00a0\u00a0\u00a0\u00a0\u00a0\u00a0<strong>\u00a0 \u00a0 \u00a0 \u00a0 \u00a0 \u00a0 \u00a0 \u00a0 \u00a0 \u00a0 \u00a0 \u00a0 \u00a0 Tarif <\/strong>\u00a0 \u00a0 \u00a0 \u00a0 \u00a0 \u00a0 \u00a0 \u00a0 \u00a0 \u00a0 \u00a0 \u00a0 \u00a0 \u00a0 \u00a0<strong>Observa\u021bii<\/strong><\/p>\n<ul style=\"text-align: justify;\">\n<li style=\"text-align: left;\">Traseu echita\u021bie 40 min\u00a0 \u00a0 \u00a0 \u00a0 \u00a0 \u00a0 \u00a0 \u00a0 \u00a0 \u00a0 \u00a0 \u00a0 \u00a0 \u00a080 lei \/ cal\u00a0 \u00a0 \u00a0 \u00a0 \u00a0 \u00a0 \u00a0 \u00a0 \u00a0 grup minim o persoan\u0103, cu monitor<\/li>\n<li style=\"text-align: left;\">Traseu echita\u021bie 120 min\u00a0 \u00a0 \u00a0 \u00a0 \u00a0 \u00a0 \u00a0 \u00a0 \u00a0 \u00a0 \u00a0 \u00a0 180 lei \/ cal\u00a0 \u00a0 \u00a0 \u00a0 \u00a0 \u00a0 \u00a0 \u00a0 grup minim o persoan\u0103, cu monitor<\/li>\n<li style=\"text-align: left;\">Traseu echita\u021bie 3 h\u00a0 \u00a0 \u00a0 \u00a0 \u00a0 \u00a0 \u00a0 \u00a0 \u00a0 \u00a0 \u00a0 \u00a0 \u00a0 \u00a0 \u00a0 \u00a0 \u00a0 \u00a0 270 lei \/ cal\u00a0 \u00a0 \u00a0 \u00a0 \u00a0 \u00a0 \u00a0 \u00a0 grup minim o persoana, cu monitor<strong>\u00a0 \u00a0 \u00a0 \u00a0 \u00a0 \u00a0 \u00a0 \u00a0 \u00a0 \u00a0 \u00a0 \u00a0 \u00a0 \u00a0 \u00a0 \u00a0 \u00a0 \u00a0 \u00a0 \u00a0 \u00a0 \u00a0 \u00a0 \u00a0 \u00a0 \u00a0 \u00a0 \u00a0 \u00a0 \u00a0 \u00a0 \u00a0 \u00a0 \u00a0 \u00a0 \u00a0 \u00a0 \u00a0 \u00a0 \u00a0 \u00a0 \u00a0 \u00a0 \u00a0 \u00a0 \u00a0<\/strong><\/li>\n<li style=\"text-align: left;\">Traseu echita\u021bie de o zi\u00a0 \u00a0 \u00a0 \u00a0 \u00a0 \u00a0 \u00a0 \u00a0 \u00a0 \u00a0 \u00a0 \u00a0 \u00a0 \u00a0 \u00a0450 lei \/ cal \u00a0 \u00a0 \u00a0 \u00a0 \u00a0 \u00a0 se merge aproximativ 4 &#8211; 6 ore, op\u021bional cu oprire la st\u00e2n\u0103 ( o gustare tradi\u021bional\u0103 &#8211; Balmo\u0219 )<\/li>\n<li style=\"text-align: left;\">Traseu cu<strong> sanie tras\u0103 de cai<\/strong>( 45 min )\u00a0 \u00a0 45 lei \/ persoan\u0103 \u00a0 grup minim 2 persoane, cu monitor.<\/li>\n<\/ul>\n<p style=\"text-align: center;\">ngg_shortcode_0_placeholder<\/p>\n<p style=\"text-align: center;\">Pentru informa\u021bii \u0219i rezerv\u0103ri v\u0103 rug\u0103m s\u0103 ne contacta\u021bi la numerele de telefon :<\/p>\n<p style=\"text-align: center;\">For more information please contact us at :\u00a00746972116 \u00a0\/ \u00a00742248519<\/p>\n\n\n<p><\/p>\n","protected":false},"excerpt":{"rendered":"<p>Pentru dorneni, dar \u015fi pentru to\u0163i turi\u015ftii, oaspe\u0163i ai ora\u015fului nostru! Sportul de Agrement (Equestrian Tourism, Pleasure Riding, HorseTrekking&#8230;) \u00a0 \u00a0 \u00a0 \u00a0 \u00a0 \u00a0\u00a0V\u0103 invit\u0103m la plimb\u0103ri c\u0103lare, \u00een \u00eemprejurimile ora\u015fului Vatra Dornei!\u00a0Din experien\u0163a noastr\u0103 am observat tendin\u0163a de diversificare continu\u0103 a cerin\u0163elor manifestate de vizitatorii no\u015ftri, \u00een privin\u0163a posibilit\u0103\u0163ilor de agrement. Ace\u015ftia au &hellip; <\/p>\n<p><a class=\"more-link btn\" href=\"https:\/\/www.agrement-dorna.ro\/index.php\/sample-page-2\/\">Continue reading<\/a><\/p>\n","protected":false},"author":1,"featured_media":0,"parent":0,"menu_order":0,"comment_status":"open","ping_status":"closed","template":"","meta":{"ngg_post_thumbnail":0,"footnotes":""},"class_list":["post-826","page","type-page","status-publish","hentry","nodate","item-wrap"],"_links":{"self":[{"href":"https:\/\/www.agrement-dorna.ro\/index.php\/wp-json\/wp\/v2\/pages\/826","targetHints":{"allow":["GET"]}}],"collection":[{"href":"https:\/\/www.agrement-dorna.ro\/index.php\/wp-json\/wp\/v2\/pages"}],"about":[{"href":"https:\/\/www.agrement-dorna.ro\/index.php\/wp-json\/wp\/v2\/types\/page"}],"author":[{"embeddable":true,"href":"https:\/\/www.agrement-dorna.ro\/index.php\/wp-json\/wp\/v2\/users\/1"}],"replies":[{"embeddable":true,"href":"https:\/\/www.agrement-dorna.ro\/index.php\/wp-json\/wp\/v2\/comments?post=826"}],"version-history":[{"count":5,"href":"https:\/\/www.agrement-dorna.ro\/index.php\/wp-json\/wp\/v2\/pages\/826\/revisions"}],"predecessor-version":[{"id":952,"href":"https:\/\/www.agrement-dorna.ro\/index.php\/wp-json\/wp\/v2\/pages\/826\/revisions\/952"}],"wp:attachment":[{"href":"https:\/\/www.agrement-dorna.ro\/index.php\/wp-json\/wp\/v2\/media?parent=826"}],"curies":[{"name":"wp","href":"https:\/\/api.w.org\/{rel}","templated":true}]}}